{"id":121,"date":"2017-01-09T17:23:45","date_gmt":"2017-01-09T16:23:45","guid":{"rendered":"http:\/\/dev02\/judo\/?page_id=121"},"modified":"2026-04-16T21:29:59","modified_gmt":"2026-04-16T19:29:59","slug":"downloads","status":"publish","type":"page","link":"https:\/\/judo-ooelv.at\/?page_id=121","title":{"rendered":"Downloads &#8211; Allgemein"},"content":{"rendered":"<ul>\n<li><a href=\"https:\/\/judo-ooelv.at\/wp-content\/uploads\/2026\/04\/Zwischenstand-02.04.2026-U14.pdf\">O\u00d6 Sch\u00fclerInnen Rangliste U14 Zwischenstand 02.04.2026<\/a><\/li>\n<li><a href=\"https:\/\/judo-ooelv.at\/wp-content\/uploads\/2026\/04\/Zwischenstand-02.04.2026-U16.pdf\">O\u00d6 Sch\u00fclerInnen Rangliste U16 Zwischenstand 02.04.2026<\/a><\/li>\n<li><a href=\"https:\/\/judo-ooelv.at\/wp-content\/uploads\/2026\/03\/Punkteschema-neu.pdf\">Punkteschema + Termine O\u00d6 Sch\u00fclerInnen Rangliste 2026 &#8211; Update 03.2026<\/a><\/li>\n<li><a href=\"https:\/\/judo-ooelv.at\/wp-content\/uploads\/2025\/12\/OOe-SchuelerInnen-Rangliste-U16_Endstand_2025-12-07.pdf\">O\u00d6 Sch\u00fclerInnen Rangliste U16 Endstand 07.12.2025<\/a><\/li>\n<li><a href=\"https:\/\/judo-ooelv.at\/wp-content\/uploads\/2025\/12\/OOe-SchuelerInnen-Rangliste-U14_Endstand_2025-12-07.pdf\">O\u00d6 Sch\u00fclerInnen Rangliste U14 Endstand 07.12.2025<\/a><\/li>\n<li><a href=\"https:\/\/judo-ooelv.at\/wp-content\/uploads\/2025\/02\/PUNKTESCHEMATERMINE_OOe-SchuelerInnen-Rangliste_2025-1.pdf\">Punkteschema + Termine O\u00d6 Sch\u00fclerInnen Rangliste 2025<\/a> Update 10.02.2025<\/li>\n<li><a href=\"https:\/\/judo-ooelv.at\/wp-content\/uploads\/2025\/01\/IJF-Wettkampfregeln-Update-gueltig-ab-2025.pdf\">\u00c4nderungen Wettkampfregeln per 1.1.2025<\/a><\/li>\n<li><a href=\"https:\/\/referee.ijf.org\/app\/index.html#\" target=\"_blank\" rel=\"noopener\">IJF Referee &#8211; Videobeispiele neue Wettkampfregeln<\/a><\/li>\n<li><a href=\"https:\/\/judo-ooelv.at\/wp-content\/uploads\/2025\/01\/kinderregeln_2025-01-01.pdf\">Judo Austria Kinderregeln &#8211; Update per 1.1.2025<\/a><\/li>\n<li><a href=\"https:\/\/judo-ooelv.at\/wp-content\/uploads\/2025\/01\/Gebuehrenordnung-2025.pdf\">LV Geb\u00fchrenordnung 2025<\/a><\/li>\n<li><a href=\"https:\/\/judo-ooelv.at\/wp-content\/uploads\/2024\/12\/OOe-SchuelerInnen-RanglisteU14_Endstand-2024-12-08.pdf\">O\u00d6 Sch\u00fclerInnen Rangliste U14 Endstand 08.12.2024<\/a><\/li>\n<li><a href=\"https:\/\/judo-ooelv.at\/wp-content\/uploads\/2024\/12\/OOe-SchuelerInnen-RanglisteU16_Endstand-2024-12-08.pdf\">O\u00d6 Sch\u00fclerInnen Rangliste U16 Endstand 08.12.2024<\/a><\/li>\n<li><a href=\"https:\/\/judo-ooelv.at\/wp-content\/uploads\/2024\/05\/Foerderungen_OOeJV-2024.pdf\">F\u00f6rdersystem Kader O\u00d6LV 2024<\/a><\/li>\n<li><a href=\"https:\/\/1drv.ms\/f\/s!AgR4hPdd-fYSa8l-Nq4LL4aFdTg\" target=\"_blank\" rel=\"noopener\">Trainerfortbildung 2024 &#8211; Technikfamilie De-Ashi-barei<\/a><\/li>\n<li><a href=\"https:\/\/judo-ooelv.at\/wp-content\/uploads\/2023\/05\/Vereine-2023-05.pdf\">LV Vereine 2023<\/a> Update 05\/2023<\/li>\n<li><a href=\"https:\/\/www.judoaustria.at\/download-file?id=40516\" target=\"_blank\" rel=\"noopener noreferrer\">Alters- und Gewichtsklassen 2024<\/a><\/li>\n<li><a href=\"https:\/\/judo-ooelv.at\/wp-content\/uploads\/2022\/02\/Statuten-JLV-O\u00d6-05.02.2022.pdf\">Statuten LV O\u00d6 2022<\/a><\/li>\n<li><a href=\"https:\/\/judo-ooelv.at\/wp-content\/uploads\/2020\/09\/20200903-150104_Sicherheitskonzept_Judo-Veranstaltungen_final.pdf\">COVID-19 Sicherheitskonzept f\u00fcr Judo-Veranstaltungen<\/a> (\u00d6sterr. Judoverband, 03.09.2020)<\/li>\n<li><a href=\"https:\/\/judo-ooelv.at\/wp-content\/uploads\/2020\/02\/20200202-TFB-Unterlagen.zip\">Unterlagen Trainerfortbildung 02.02.2020<\/a><\/li>\n<li><a href=\"http:\/\/www.judo-ooelv.at\/wp-content\/uploads\/2017\/01\/Kampfrichterordnung-2015.pdf\" target=\"_blank\" rel=\"noopener noreferrer\">Kampfrichterordnung 2015<\/a><\/li>\n<\/ul>\n","protected":false},"excerpt":{"rendered":"<p>O\u00d6 Sch\u00fclerInnen Rangliste U14 Zwischenstand 02.04.2026 O\u00d6 Sch\u00fclerInnen Rangliste U16 Zwischenstand 02.04.2026 Punkteschema + Termine&#8230;<\/p>\n","protected":false},"author":1,"featured_media":0,"parent":0,"menu_order":0,"comment_status":"closed","ping_status":"closed","template":"downloads.php","meta":{"_cbd_carousel_blocks":"[]"},"_links":{"self":[{"href":"https:\/\/judo-ooelv.at\/index.php?rest_route=\/wp\/v2\/pages\/121"}],"collection":[{"href":"https:\/\/judo-ooelv.at\/index.php?rest_route=\/wp\/v2\/pages"}],"about":[{"href":"https:\/\/judo-ooelv.at\/index.php?rest_route=\/wp\/v2\/types\/page"}],"author":[{"embeddable":true,"href":"https:\/\/judo-ooelv.at\/index.php?rest_route=\/wp\/v2\/users\/1"}],"replies":[{"embeddable":true,"href":"https:\/\/judo-ooelv.at\/index.php?rest_route=%2Fwp%2Fv2%2Fcomments&post=121"}],"version-history":[{"count":132,"href":"https:\/\/judo-ooelv.at\/index.php?rest_route=\/wp\/v2\/pages\/121\/revisions"}],"predecessor-version":[{"id":7154,"href":"https:\/\/judo-ooelv.at\/index.php?rest_route=\/wp\/v2\/pages\/121\/revisions\/7154"}],"wp:attachment":[{"href":"https:\/\/judo-ooelv.at\/index.php?rest_route=%2Fwp%2Fv2%2Fmedia&parent=121"}],"curies":[{"name":"wp","href":"https:\/\/api.w.org\/{rel}","templated":true}]}}