{"id":5093,"date":"2023-04-06T20:21:52","date_gmt":"2023-04-06T18:21:52","guid":{"rendered":"https:\/\/judo-ooelv.at\/?page_id=5093"},"modified":"2024-03-08T11:23:14","modified_gmt":"2024-03-08T10:23:14","slug":"vertrauenspersonen","status":"publish","type":"page","link":"https:\/\/judo-ooelv.at\/?page_id=5093","title":{"rendered":"Vertrauenspersonen"},"content":{"rendered":"<p>Respekt und Sicherheit sind Teil der Judo-Werte, welche f\u00fcr Judoka jedes Geschlechts und aller Altersgruppen gelten.<\/p>\n<p>Als Landesverband wollen wir sicherstellen, dass die in unseren Vereinen betreuten Kinder und Jugendlichen vor Missbrauch in jeglicher Form gesch\u00fctzt sind.<\/p>\n<p>Der \u00d6sterreichische Judoverband hat in den vergangenen Jahren angelehnt an die \u00d6sterreichweite Initiative \u201eF\u00fcr Respekt und Sicherheit\u201c ein Programm mit unterschiedlichen Ma\u00dfnahmen ausgearbeitet. Es stehen ausgebildete Vertrauenspersonen aus unserer Sportart zu Verf\u00fcgung, unsere Trainer haben einen Ehrenkodex unterzeichnet und es finden laufend Aus- und Fortbildungen f\u00fcr TrainerInnen und SportlerInnen statt.<\/p>\n<p>Als erste Anlaufstelle in Ober\u00f6sterreich f\u00fcr Betroffene von m\u00f6glichen Missbrauchsf\u00e4llen steht Christina Niedermayr bereit. Mit ihr kann diskret und auch anonym Kontakt aufgenommen und Rat und Tat eingeholt werden.<\/p>\n<div id=\"cn-top\" style=\"position: absolute; top: 0; right: 0;\"><\/div><div class=\"cn-list\" id=\"cn-list\" data-connections-version=\"10.4.45-0.7\"><div class=\"cn-template cn-card\" id=\"cn-card\" data-template-version=\"3.0\"><div class=\"cn-list-head\">\n\n<\/div>\n<div class=\"cn-list-body\" id=\"cn-list-body\">\n<div class=\"cn-list-row cn-list-item vcard individual vertrauenspersonen\" id=\"christina-niedermayr\" data-entry-type=\"individual\" data-entry-id=\"118\" data-entry-slug=\"christina-niedermayr\"><div class=\"cn-entry\" style=\"background-color: #FFF;border: 1px solid #dddddd;border-radius: 0px;color: #000;margin: 8px 0;padding: 10px;position: relative\">\n\n\t<div class=\"cn-left\" style=\"width:49%; float:left\">\n\t\t<span class=\"cn-image-style\"><span style=\"display: block; max-width: 100%; width: 187px\"><img width=\"187\" height=\"250\" sizes=\"100vw\" lazyload=\"1\" class=\"cn-image photo\" alt=\"Foto von Christina Niedermayr\" title=\"Foto von Christina Niedermayr\" srcset=\"\/\/judo-ooelv.at\/wp-content\/uploads\/connections-images\/christina-niedermayr\/NiedermayrChristina-762600ed7abe3c06e75e35c9796d567f.jpg 1x\" loading=\"lazy\"\/><\/span><\/span>\n\t\t<div style=\"clear:both;\"><\/div>\n\t\t<div style=\"margin-bottom: 10px;\">\n\t\t\t<div style=\"font-size:larger;font-variant: small-caps\"><strong><span class=\"fn n notranslate\"> <span class=\"given-name\">Christina<\/span> <span class=\"family-name\">Niedermayr<\/span><\/span>\n<\/strong><\/div>\n\t\t\t<span class=\"title notranslate\">Juristin<\/span>\n<span class=\"org\"><span class=\"organization-name notranslate\">LZ Multikraft Wels<\/span><\/span>\n\t\t<\/div>\n\n\t<\/div>\n\n\t<div class=\"cn-right\" style=\"text-align: right;\">\n\n\t\t<span class=\"phone-number-block\">\n<span class=\"tel cn-phone-number cn-phone-number-type-homephone\"><span class=\"phone-name\">Telefon Privat<\/span><span class=\"cn-separator\">:<\/span> <a class=\"value\" href=\"tel:+43%20664%205459900\" value=\"436645459900\">+43 664 5459900<\/a><span class=\"type\" style=\"display: none;\">home<\/span><\/span>\n<\/span>\n<span class=\"email-address-block\">\n<span class=\"email cn-email-address\"><span class=\"email-name\">Private E-Mail<\/span><span class=\"cn-separator\">:<\/span> <span class=\"email-address\"><a class=\"value\" title=\"Christina Niedermayr personal email.\" href=\"mailto:chstu@aon.at\">chstu@aon.at<\/a><\/span><span class=\"type\" style=\"display: none;\">INTERNET<\/span><\/span>\n<\/span>\n\n\t<\/div>\n\n\t<div style=\"clear:both\"><\/div>\n\n\t\n\t<div class=\"cn-meta\" style=\"margin-top: 6px\">\n\t\t\t<\/div>\n\n\t<div class=\"cn-clear\" style=\"display:table;width:100%;\">\n\t\t<div style=\"display:table-cell;vertical-align:middle;\">\n\t\t\t\t\t<\/div>\n\t\t<div style=\"display:table-cell;text-align:right;vertical-align:middle;\">\n\t\t\t\t\t<\/div>\n\t<\/div>\n\n<\/div>\n\n<\/div>\n<\/div>\n<div class=\"cn-list-foot\">\n\n<\/div>\n\n<\/div>\n\n<\/div>\n<p>&nbsp;<\/p>\n<ul>\n<li><a href=\"https:\/\/www.judoaustria.at\/vertrauenspersonen\/\">Weitere Vertrauenspersonen des \u00d6sterreichischen Judoverbands<\/a><\/li>\n<li><a href=\"https:\/\/www.judoaustria.at\/download-file\/?id=11967\">Ehrenkodex<\/a><\/li>\n<li><a href=\"https:\/\/safesport.at\/\" target=\"_blank\" rel=\"noreferrer noopener\">Beratungsstellen<\/a><\/li>\n<li><a href=\"https:\/\/www.sportaustria.at\/de\/schwerpunkte\/soziales-und-gesellschaftspolitik\/praevention-sexualisierter-gewalt\/\" target=\"_blank\" rel=\"noreferrer noopener\">weiterf\u00fchrende Informationen zur Pr\u00e4vention sexualisierter Gewalt im Sport<\/a><\/li>\n<\/ul>\n<p><iframe loading=\"lazy\" title=\"Sexueller Machtmissbrauch im Sport \u2013 Pr\u00e4ventionsvideo f\u00fcr Eltern\" width=\"1170\" height=\"658\" src=\"https:\/\/www.youtube.com\/embed\/dKzriGw41n8?feature=oembed\" frameborder=\"0\" allow=\"accelerometer; autoplay; clipboard-write; encrypted-media; gyroscope; picture-in-picture; web-share\" allowfullscreen><\/iframe><\/p>\n","protected":false},"excerpt":{"rendered":"<p>Respekt und Sicherheit sind Teil der Judo-Werte, welche f\u00fcr Judoka jedes Geschlechts und aller Altersgruppen&#8230;<\/p>\n","protected":false},"author":4,"featured_media":0,"parent":108,"menu_order":0,"comment_status":"closed","ping_status":"closed","template":"","meta":{"_cbd_carousel_blocks":"[]"},"_links":{"self":[{"href":"https:\/\/judo-ooelv.at\/index.php?rest_route=\/wp\/v2\/pages\/5093"}],"collection":[{"href":"https:\/\/judo-ooelv.at\/index.php?rest_route=\/wp\/v2\/pages"}],"about":[{"href":"https:\/\/judo-ooelv.at\/index.php?rest_route=\/wp\/v2\/types\/page"}],"author":[{"embeddable":true,"href":"https:\/\/judo-ooelv.at\/index.php?rest_route=\/wp\/v2\/users\/4"}],"replies":[{"embeddable":true,"href":"https:\/\/judo-ooelv.at\/index.php?rest_route=%2Fwp%2Fv2%2Fcomments&post=5093"}],"version-history":[{"count":5,"href":"https:\/\/judo-ooelv.at\/index.php?rest_route=\/wp\/v2\/pages\/5093\/revisions"}],"predecessor-version":[{"id":5139,"href":"https:\/\/judo-ooelv.at\/index.php?rest_route=\/wp\/v2\/pages\/5093\/revisions\/5139"}],"up":[{"embeddable":true,"href":"https:\/\/judo-ooelv.at\/index.php?rest_route=\/wp\/v2\/pages\/108"}],"wp:attachment":[{"href":"https:\/\/judo-ooelv.at\/index.php?rest_route=%2Fwp%2Fv2%2Fmedia&parent=5093"}],"curies":[{"name":"wp","href":"https:\/\/api.w.org\/{rel}","templated":true}]}}